{"id":75,"date":"2024-05-14T13:05:24","date_gmt":"2024-05-14T11:05:24","guid":{"rendered":"https:\/\/anciensavoir.com\/?page_id=75"},"modified":"2024-05-14T14:30:19","modified_gmt":"2024-05-14T12:30:19","slug":"livres","status":"publish","type":"page","link":"https:\/\/anciensavoir.com\/index.php\/livres\/","title":{"rendered":"Livres"},"content":{"rendered":"\n<div class=\"wp-block-media-text is-stacked-on-mobile has-nv-dark-bg-background-color has-background\" style=\"grid-template-columns:24% auto\"><figure class=\"wp-block-media-text__media\"><img loading=\"lazy\" decoding=\"async\" width=\"626\" height=\"1024\" src=\"https:\/\/anciensavoir.com\/wp-content\/uploads\/2024\/05\/couv-un-atlante-a-paris-1-2-626x1024.jpg\" alt=\"\" class=\"wp-image-96 size-full\" srcset=\"https:\/\/anciensavoir.com\/wp-content\/uploads\/2024\/05\/couv-un-atlante-a-paris-1-2-626x1024.jpg 626w, https:\/\/anciensavoir.com\/wp-content\/uploads\/2024\/05\/couv-un-atlante-a-paris-1-2-183x300.jpg 183w, https:\/\/anciensavoir.com\/wp-content\/uploads\/2024\/05\/couv-un-atlante-a-paris-1-2-768x1257.jpg 768w, https:\/\/anciensavoir.com\/wp-content\/uploads\/2024\/05\/couv-un-atlante-a-paris-1-2-938x1536.jpg 938w, https:\/\/anciensavoir.com\/wp-content\/uploads\/2024\/05\/couv-un-atlante-a-paris-1-2.jpg 1000w\" sizes=\"auto, (max-width: 626px) 100vw, 626px\" \/><\/figure><div class=\"wp-block-media-text__content\">\n<p>\u00ab\u00a0<strong>Un Atlante \u00e0 Paris<\/strong>\u00a0\u00bb : une satire vibrante et une romance dans le tumulte du Paris moderne.<\/p>\n\n\n\n<p>Au c\u0153ur de Paris, un \u00e9cho du pass\u00e9 se fait entendre, d\u00e9fiant les rythmes effr\u00e9n\u00e9s de notre \u00e8re technologique. Un Atlante, arrach\u00e9 \u00e0 l&rsquo;oubli par les remous de notre temps, se trouve confront\u00e9 \u00e0 une civilisation \u00e0 l&rsquo;apog\u00e9e de son avanc\u00e9e technologique, mais peut-\u00eatre \u00e0 l&rsquo;aube de son \u00e9garement moral.<\/p>\n\n\n\n<p>Jane, une linguiste au c\u0153ur intr\u00e9pide, et Aram, un scientifique visionnaire, se trouvent unis non seulement par leur fascination pour l&rsquo;\u00e9tranger intemporel mais aussi par un amour naissant qui d\u00e9fie les conventions. Ensemble, ils naviguent \u00e0 travers les contradictions de notre soci\u00e9t\u00e9, cherchant \u00e0 d\u00e9chiffrer les myst\u00e8res de l&rsquo;Atlantide tout en explorant les profondeurs de leur propre connexion.<\/p>\n\n\n\n<p>Embarquez dans cette aventure captivante, o\u00f9 le pass\u00e9 et le pr\u00e9sent se rencontrent, tissant ensemble une trame d&rsquo;espoir, d&rsquo;amour, et de r\u00e9flexion. \u00ab\u00a0<strong>Un Atlante \u00e0 Paris<\/strong>\u00a0\u00bb est une ode \u00e0 la possibilit\u00e9 d&rsquo;un monde meilleur, inspir\u00e9 par les le\u00e7ons d&rsquo;une civilisation perdue, mais jamais oubli\u00e9e.<\/p>\n\n\n\n<p><a href=\"https:\/\/www.amazon.fr\/ATLANTE-%C3%80-PARIS-Fabien-FEDERIGHI-ebook\/dp\/B0D3JWFX1K\/ref=sr_1_2?__mk_fr_FR=%C3%85M%C3%85%C5%BD%C3%95%C3%91&amp;dib=eyJ2IjoiMSJ9.TLRV503PaygRBOWwL-dqW3aR4vRO5rOoy0d9YaFNk9c.wHNnWJW4em-l9aGHEjZPYEIHkMdbqB6cowpMchUoFuE&amp;dib_tag=se&amp;keywords=fabien+federighi&amp;qid=1715689393&amp;sr=8-2\">https:\/\/www.amazon.fr\/ATLANTE-%C3%80-PARIS-Fabien-FEDERIGHI-ebook\/dp\/B0D3JWFX1K\/ref=sr_1_2?__mk_fr_FR=%C3%85M%C3%85%C5%BD%C3%95%C3%91&amp;dib=eyJ2IjoiMSJ9.TLRV503PaygRBOWwL-dqW3aR4vRO5rOoy0d9YaFNk9c.wHNnWJW4em-l9aGHEjZPYEIHkMdbqB6cowpMchUoFuE&amp;dib_tag=se&amp;keywords=fabien+federighi&amp;qid=1715689393&amp;sr=8-2<\/a><\/p>\n<\/div><\/div>\n\n\n\n<p class=\"has-nv-dark-bg-background-color has-background\"><\/p>\n\n\n\n<div class=\"wp-block-media-text is-stacked-on-mobile has-nv-dark-bg-background-color has-background\" style=\"grid-template-columns:23% auto\"><figure class=\"wp-block-media-text__media\"><img loading=\"lazy\" decoding=\"async\" width=\"614\" height=\"1024\" src=\"https:\/\/anciensavoir.com\/wp-content\/uploads\/2024\/05\/couverture-ebook-1-614x1024.jpg\" alt=\"\" class=\"wp-image-76 size-full\" srcset=\"https:\/\/anciensavoir.com\/wp-content\/uploads\/2024\/05\/couverture-ebook-1-614x1024.jpg 614w, https:\/\/anciensavoir.com\/wp-content\/uploads\/2024\/05\/couverture-ebook-1-180x300.jpg 180w, https:\/\/anciensavoir.com\/wp-content\/uploads\/2024\/05\/couverture-ebook-1-768x1280.jpg 768w, https:\/\/anciensavoir.com\/wp-content\/uploads\/2024\/05\/couverture-ebook-1-922x1536.jpg 922w, https:\/\/anciensavoir.com\/wp-content\/uploads\/2024\/05\/couverture-ebook-1-1229x2048.jpg 1229w, https:\/\/anciensavoir.com\/wp-content\/uploads\/2024\/05\/couverture-ebook-1-scaled.jpg 1536w\" sizes=\"auto, (max-width: 614px) 100vw, 614px\" \/><\/figure><div class=\"wp-block-media-text__content\">\n<p><strong>Ethan et les Cl\u00e9s du Temps&nbsp;<\/strong><\/p>\n\n\n\n<p><strong>&nbsp;<\/strong>Voyages au c\u0153ur des Civilisations myst\u00e9rieuses<\/p>\n\n\n\n<p>D\u00e9couvrez une \u00e9pop\u00e9e captivante \u00e0 travers les \u00e2ges et les myst\u00e8res de notre univers. Suivez Ethan ce jeune explorateur plongeant au c\u0153ur des civilisations anciennes, des terres glac\u00e9es des g\u00e9ants du Nord aux d\u00e9serts br\u00fblants des pyramides \u00e9gyptiennes.<\/p>\n\n\n\n<p>Dans ce r\u00e9cit envo\u00fbtant, Ethan est entra\u00een\u00e9 dans un p\u00e9riple incroyable par des guides myst\u00e9rieux, dont le g\u00e9ant Uthor, pour d\u00e9couvrir les secrets les mieux gard\u00e9s de notre pass\u00e9. Mais ce n&rsquo;est pas qu&rsquo;une simple qu\u00eate d&rsquo;aventure : c&rsquo;est une mission pour sauver notre plan\u00e8te, un \u00ab\u00a0call to action\u00a0\u00bb pour \u00e9veiller les consciences et pr\u00e9server notre h\u00e9ritage.<\/p>\n\n\n\n<p>Plongez dans \u00a0\u00bb <strong>Ethan et les Cl\u00e9s du Temps\u00a0<\/strong>: Voyages au c\u0153ur des Civilisations myst\u00e9rieuses \u00a0\u00bb et laissez-vous emporter par une saga qui red\u00e9finit notre compr\u00e9hension du pass\u00e9, du pr\u00e9sent et de l&rsquo;avenir. Et rappelez-vous, chaque page tourn\u00e9e est un pas de plus vers la pr\u00e9servation de notre plan\u00e8te, car chaque aventure d&rsquo;Ethan est aussi un plaidoyer pour notre \u00e9cosyst\u00e8me en danger.<\/p>\n\n\n\n<p><a href=\"https:\/\/www.amazon.fr\/dp\/B0D3ZXBYCH\/ref=sr_1_1?__mk_fr_FR=%C3%85M%C3%85%C5%BD%C3%95%C3%91&amp;crid=YESGDDG27BKY&amp;dib=eyJ2IjoiMSJ9.TLRV503PaygRBOWwL-dqW3aR4vRO5rOoy0d9YaFNk9c.wHNnWJW4em-l9aGHEjZPYEIHkMdbqB6cowpMchUoFuE&amp;dib_tag=se&amp;keywords=fabien+federighi&amp;qid=1715689287&amp;sprefix=fabien+federighi%2Caps%2C172&amp;sr=8-1\">https:\/\/www.amazon.fr\/dp\/B0D3ZXBYCH\/ref=sr_1_1?__mk_fr_FR=%C3%85M%C3%85%C5%BD%C3%95%C3%91&amp;crid=YESGDDG27BKY&amp;dib=eyJ2IjoiMSJ9.TLRV503PaygRBOWwL-dqW3aR4vRO5rOoy0d9YaFNk9c.wHNnWJW4em-l9aGHEjZPYEIHkMdbqB6cowpMchUoFuE&amp;dib_tag=se&amp;keywords=fabien+federighi&amp;qid=1715689287&amp;sprefix=fabien+federighi%2Caps%2C172&amp;sr=8-1<\/a><\/p>\n<\/div><\/div>\n","protected":false},"excerpt":{"rendered":"<p>\u00ab\u00a0Un Atlante \u00e0 Paris\u00a0\u00bb : une satire vibrante et une romance dans le tumulte du Paris moderne. Au c\u0153ur de Paris, un \u00e9cho du pass\u00e9 se fait entendre, d\u00e9fiant les rythmes effr\u00e9n\u00e9s de notre \u00e8re technologique. Un Atlante, arrach\u00e9 \u00e0 l&rsquo;oubli par les remous de notre temps, se trouve confront\u00e9 \u00e0 une civilisation \u00e0 l&rsquo;apog\u00e9e&hellip;&nbsp;<a href=\"https:\/\/anciensavoir.com\/index.php\/livres\/\" class=\"\" rel=\"bookmark\">Lire la suite &raquo;<span class=\"screen-reader-text\">Livres<\/span><\/a><\/p>\n","protected":false},"author":1,"featured_media":0,"parent":0,"menu_order":0,"comment_status":"closed","ping_status":"closed","template":"","meta":{"_bbp_topic_count":0,"_bbp_reply_count":0,"_bbp_total_topic_count":0,"_bbp_total_reply_count":0,"_bbp_voice_count":0,"_bbp_anonymous_reply_count":0,"_bbp_topic_count_hidden":0,"_bbp_reply_count_hidden":0,"_bbp_forum_subforum_count":0,"neve_meta_sidebar":"","neve_meta_container":"","neve_meta_enable_content_width":"","neve_meta_content_width":0,"neve_meta_title_alignment":"","neve_meta_author_avatar":"","neve_post_elements_order":"","neve_meta_disable_header":"","neve_meta_disable_footer":"","neve_meta_disable_title":"","footnotes":""},"class_list":["post-75","page","type-page","status-publish","hentry"],"_links":{"self":[{"href":"https:\/\/anciensavoir.com\/index.php\/wp-json\/wp\/v2\/pages\/75","targetHints":{"allow":["GET"]}}],"collection":[{"href":"https:\/\/anciensavoir.com\/index.php\/wp-json\/wp\/v2\/pages"}],"about":[{"href":"https:\/\/anciensavoir.com\/index.php\/wp-json\/wp\/v2\/types\/page"}],"author":[{"embeddable":true,"href":"https:\/\/anciensavoir.com\/index.php\/wp-json\/wp\/v2\/users\/1"}],"replies":[{"embeddable":true,"href":"https:\/\/anciensavoir.com\/index.php\/wp-json\/wp\/v2\/comments?post=75"}],"version-history":[{"count":5,"href":"https:\/\/anciensavoir.com\/index.php\/wp-json\/wp\/v2\/pages\/75\/revisions"}],"predecessor-version":[{"id":101,"href":"https:\/\/anciensavoir.com\/index.php\/wp-json\/wp\/v2\/pages\/75\/revisions\/101"}],"wp:attachment":[{"href":"https:\/\/anciensavoir.com\/index.php\/wp-json\/wp\/v2\/media?parent=75"}],"curies":[{"name":"wp","href":"https:\/\/api.w.org\/{rel}","templated":true}]}}