{"id":2,"date":"2024-05-07T16:09:36","date_gmt":"2024-05-07T14:09:36","guid":{"rendered":"http:\/\/anciensavoir.com\/?page_id=2"},"modified":"2024-05-19T11:35:05","modified_gmt":"2024-05-19T09:35:05","slug":"page-d-exemple","status":"publish","type":"page","link":"https:\/\/anciensavoir.com\/","title":{"rendered":"Bienvenue sur anciensavoir.com"},"content":{"rendered":"\n<p>Plongez dans un voyage fascinant \u00e0 travers les civilisations anciennes, o\u00f9 la sagesse du pass\u00e9 rencontre les d\u00e9fis du pr\u00e9sent. Notre blog vous invite \u00e0 d\u00e9couvrir les secrets enfouis de l&rsquo;histoire, \u00e0 explorer les profondeurs de l&rsquo;\u00e2me humaine, et \u00e0 embrasser la qu\u00eate intemporelle de v\u00e9rit\u00e9 et d&rsquo;\u00e9panouissement personnel. Avec la participation de chacun de nos membres, nous aspirons \u00e0 faire avancer les choses, \u00e0 partager nos connaissances et nos exp\u00e9riences, et \u00e0 co-cr\u00e9er un avenir empreint de sagesse et de transformation. Rejoignez-nous pour un voyage de d\u00e9couverte, d&rsquo;apprentissage et de transformation.<\/p>\n\n\n\n<p><\/p>\n\n\n\n<p><\/p>\n\n\n\n<p><\/p>\n\n\n\n<p>Unis par la passion, guid\u00e9s par la sagesse : ensemble, explorons les myst\u00e8res des anciennes civilisations. AncienSavoir.com &#8211; Votre blog participatif pour d\u00e9couvrir, partager et \u00e9clairer les secrets de l&rsquo;Univers.<\/p>\n\n\n\n<figure class=\"wp-block-image size-full\"><img loading=\"lazy\" decoding=\"async\" width=\"1024\" height=\"1024\" src=\"https:\/\/anciensavoir.com\/wp-content\/uploads\/2024\/05\/DALL\u00b7E-2024-05-13-11.20.04-Final-adjustment-to-the-mystical-image-for-a-blog-about-ancient-civilizations.-The-scene-includes-a-large-pyramid-in-a-desert-landscape-under-a-very-b-1.webp\" alt=\"\" class=\"wp-image-285\" srcset=\"https:\/\/anciensavoir.com\/wp-content\/uploads\/2024\/05\/DALL\u00b7E-2024-05-13-11.20.04-Final-adjustment-to-the-mystical-image-for-a-blog-about-ancient-civilizations.-The-scene-includes-a-large-pyramid-in-a-desert-landscape-under-a-very-b-1.webp 1024w, https:\/\/anciensavoir.com\/wp-content\/uploads\/2024\/05\/DALL\u00b7E-2024-05-13-11.20.04-Final-adjustment-to-the-mystical-image-for-a-blog-about-ancient-civilizations.-The-scene-includes-a-large-pyramid-in-a-desert-landscape-under-a-very-b-1-300x300.webp 300w, https:\/\/anciensavoir.com\/wp-content\/uploads\/2024\/05\/DALL\u00b7E-2024-05-13-11.20.04-Final-adjustment-to-the-mystical-image-for-a-blog-about-ancient-civilizations.-The-scene-includes-a-large-pyramid-in-a-desert-landscape-under-a-very-b-1-150x150.webp 150w, https:\/\/anciensavoir.com\/wp-content\/uploads\/2024\/05\/DALL\u00b7E-2024-05-13-11.20.04-Final-adjustment-to-the-mystical-image-for-a-blog-about-ancient-civilizations.-The-scene-includes-a-large-pyramid-in-a-desert-landscape-under-a-very-b-1-768x768.webp 768w\" sizes=\"auto, (max-width: 1024px) 100vw, 1024px\" \/><\/figure>\n\n\n\n<p><\/p>\n\n\n\n<p><\/p>\n\n\n\n<p><\/p>\n\n\n\n<p><\/p>\n\n\n\n<p><\/p>\n\n\n\n<p><\/p>\n\n\n\n<p><\/p>\n\n\n\n<p><\/p>\n\n\n\n<p><\/p>\n\n\n\n<p><\/p>\n\n\n\n<p><\/p>\n\n\n\n<blockquote class=\"wp-block-quote is-layout-flow wp-block-quote-is-layout-flow\">\n<p>\u00ab\u00a0Je ne sais qu&rsquo;une chose, c&rsquo;est que je ne sais rien.\u00a0\u00bb<\/p>\n<cite>Socrate<\/cite><\/blockquote>\n\n\n\n<div class=\"wp-block-group\"><div class=\"wp-block-group__inner-container is-layout-constrained wp-block-group-is-layout-constrained\"><p class=\"burst-pageviews\">Cette page a \u00e9t\u00e9 vue 340 fois.<\/p><\/div><\/div>\n","protected":false},"excerpt":{"rendered":"<p>Plongez dans un voyage fascinant \u00e0 travers les civilisations anciennes, o\u00f9 la sagesse du pass\u00e9 rencontre les d\u00e9fis du pr\u00e9sent. Notre blog vous invite \u00e0 d\u00e9couvrir les secrets enfouis de l&rsquo;histoire, \u00e0 explorer les profondeurs de l&rsquo;\u00e2me humaine, et \u00e0 embrasser la qu\u00eate intemporelle de v\u00e9rit\u00e9 et d&rsquo;\u00e9panouissement personnel. Avec la participation de chacun de&hellip;&nbsp;<a href=\"https:\/\/anciensavoir.com\/\" class=\"\" rel=\"bookmark\">Lire la suite &raquo;<span class=\"screen-reader-text\">Bienvenue sur anciensavoir.com<\/span><\/a><\/p>\n","protected":false},"author":1,"featured_media":0,"parent":0,"menu_order":0,"comment_status":"closed","ping_status":"open","template":"","meta":{"_bbp_topic_count":0,"_bbp_reply_count":0,"_bbp_total_topic_count":0,"_bbp_total_reply_count":0,"_bbp_voice_count":0,"_bbp_anonymous_reply_count":0,"_bbp_topic_count_hidden":0,"_bbp_reply_count_hidden":0,"_bbp_forum_subforum_count":0,"neve_meta_sidebar":"","neve_meta_container":"","neve_meta_enable_content_width":"","neve_meta_content_width":0,"neve_meta_title_alignment":"","neve_meta_author_avatar":"","neve_post_elements_order":"","neve_meta_disable_header":"","neve_meta_disable_footer":"","neve_meta_disable_title":"","footnotes":""},"class_list":["post-2","page","type-page","status-publish","hentry"],"_links":{"self":[{"href":"https:\/\/anciensavoir.com\/index.php\/wp-json\/wp\/v2\/pages\/2","targetHints":{"allow":["GET"]}}],"collection":[{"href":"https:\/\/anciensavoir.com\/index.php\/wp-json\/wp\/v2\/pages"}],"about":[{"href":"https:\/\/anciensavoir.com\/index.php\/wp-json\/wp\/v2\/types\/page"}],"author":[{"embeddable":true,"href":"https:\/\/anciensavoir.com\/index.php\/wp-json\/wp\/v2\/users\/1"}],"replies":[{"embeddable":true,"href":"https:\/\/anciensavoir.com\/index.php\/wp-json\/wp\/v2\/comments?post=2"}],"version-history":[{"count":8,"href":"https:\/\/anciensavoir.com\/index.php\/wp-json\/wp\/v2\/pages\/2\/revisions"}],"predecessor-version":[{"id":318,"href":"https:\/\/anciensavoir.com\/index.php\/wp-json\/wp\/v2\/pages\/2\/revisions\/318"}],"wp:attachment":[{"href":"https:\/\/anciensavoir.com\/index.php\/wp-json\/wp\/v2\/media?parent=2"}],"curies":[{"name":"wp","href":"https:\/\/api.w.org\/{rel}","templated":true}]}}