{"id":111,"date":"2024-05-14T15:43:53","date_gmt":"2024-05-14T13:43:53","guid":{"rendered":"https:\/\/anciensavoir.com\/?page_id=111"},"modified":"2024-05-18T23:10:12","modified_gmt":"2024-05-18T21:10:12","slug":"photos","status":"publish","type":"page","link":"https:\/\/anciensavoir.com\/index.php\/photos\/","title":{"rendered":"Photos"},"content":{"rendered":"\n<div class=\"wp-block-media-text is-stacked-on-mobile\"><figure class=\"wp-block-media-text__media\"><img loading=\"lazy\" decoding=\"async\" width=\"601\" height=\"319\" src=\"https:\/\/anciensavoir.com\/wp-content\/uploads\/2024\/05\/tiwanaku.jpg\" alt=\"\" class=\"wp-image-112 size-full\" srcset=\"https:\/\/anciensavoir.com\/wp-content\/uploads\/2024\/05\/tiwanaku.jpg 601w, https:\/\/anciensavoir.com\/wp-content\/uploads\/2024\/05\/tiwanaku-300x159.jpg 300w\" sizes=\"auto, (max-width: 601px) 100vw, 601px\" \/><\/figure><div class=\"wp-block-media-text__content\">\n<p>Tiwanaku &#8211; Bolivie<\/p>\n<\/div><\/div>\n\n\n\n<p><\/p>\n\n\n\n<div class=\"wp-block-media-text is-stacked-on-mobile\"><figure class=\"wp-block-media-text__media\"><img loading=\"lazy\" decoding=\"async\" width=\"565\" height=\"354\" src=\"https:\/\/anciensavoir.com\/wp-content\/uploads\/2024\/05\/mohenjo-daro.jpg\" alt=\"\" class=\"wp-image-113 size-full\" srcset=\"https:\/\/anciensavoir.com\/wp-content\/uploads\/2024\/05\/mohenjo-daro.jpg 565w, https:\/\/anciensavoir.com\/wp-content\/uploads\/2024\/05\/mohenjo-daro-300x188.jpg 300w\" sizes=\"auto, (max-width: 565px) 100vw, 565px\" \/><\/figure><div class=\"wp-block-media-text__content\">\n<p>Mohenjo Daro  &#8211; Pakistan<\/p>\n<\/div><\/div>\n\n\n\n<p><\/p>\n\n\n\n<div class=\"wp-block-media-text is-stacked-on-mobile\"><figure class=\"wp-block-media-text__media\"><img loading=\"lazy\" decoding=\"async\" width=\"748\" height=\"370\" src=\"https:\/\/anciensavoir.com\/wp-content\/uploads\/2024\/05\/gobekli-tepe.jpg\" alt=\"\" class=\"wp-image-114 size-full\" srcset=\"https:\/\/anciensavoir.com\/wp-content\/uploads\/2024\/05\/gobekli-tepe.jpg 748w, https:\/\/anciensavoir.com\/wp-content\/uploads\/2024\/05\/gobekli-tepe-300x148.jpg 300w\" sizes=\"auto, (max-width: 748px) 100vw, 748px\" \/><\/figure><div class=\"wp-block-media-text__content\">\n<p>Gobekli Tepe &#8211; Turquie<\/p>\n<\/div><\/div>\n\n\n\n<p><\/p>\n\n\n\n<div class=\"wp-block-media-text is-stacked-on-mobile\"><figure class=\"wp-block-media-text__media\"><img loading=\"lazy\" decoding=\"async\" width=\"559\" height=\"307\" src=\"https:\/\/anciensavoir.com\/wp-content\/uploads\/2024\/05\/giseh.jpg\" alt=\"\" class=\"wp-image-115 size-full\" srcset=\"https:\/\/anciensavoir.com\/wp-content\/uploads\/2024\/05\/giseh.jpg 559w, https:\/\/anciensavoir.com\/wp-content\/uploads\/2024\/05\/giseh-300x165.jpg 300w\" sizes=\"auto, (max-width: 559px) 100vw, 559px\" \/><\/figure><div class=\"wp-block-media-text__content\">\n<p>Giseh &#8211; Egypte<\/p>\n<\/div><\/div>\n\n\n\n<p><\/p>\n\n\n\n<div class=\"wp-block-media-text is-stacked-on-mobile\"><figure class=\"wp-block-media-text__media\"><img loading=\"lazy\" decoding=\"async\" width=\"553\" height=\"315\" src=\"https:\/\/anciensavoir.com\/wp-content\/uploads\/2024\/05\/Sacsayhuaman.jpg\" alt=\"\" class=\"wp-image-116 size-full\" srcset=\"https:\/\/anciensavoir.com\/wp-content\/uploads\/2024\/05\/Sacsayhuaman.jpg 553w, https:\/\/anciensavoir.com\/wp-content\/uploads\/2024\/05\/Sacsayhuaman-300x171.jpg 300w\" sizes=\"auto, (max-width: 553px) 100vw, 553px\" \/><\/figure><div class=\"wp-block-media-text__content\">\n<p>Sacsayhuaman &#8211; P\u00e9rou<\/p>\n<\/div><\/div>\n\n\n\n<p><\/p>\n\n\n\n<div class=\"wp-block-media-text is-stacked-on-mobile\"><figure class=\"wp-block-media-text__media\"><img loading=\"lazy\" decoding=\"async\" width=\"573\" height=\"358\" src=\"https:\/\/anciensavoir.com\/wp-content\/uploads\/2024\/05\/Gunung-Padang.jpg\" alt=\"\" class=\"wp-image-117 size-full\" srcset=\"https:\/\/anciensavoir.com\/wp-content\/uploads\/2024\/05\/Gunung-Padang.jpg 573w, https:\/\/anciensavoir.com\/wp-content\/uploads\/2024\/05\/Gunung-Padang-300x187.jpg 300w\" sizes=\"auto, (max-width: 573px) 100vw, 573px\" \/><\/figure><div class=\"wp-block-media-text__content\">\n<p>Gunung Padang &#8211; Java<\/p>\n<\/div><\/div>\n\n\n\n<p><\/p>\n\n\n\n<div class=\"wp-block-media-text is-stacked-on-mobile\"><figure class=\"wp-block-media-text__media\"><img loading=\"lazy\" decoding=\"async\" width=\"565\" height=\"385\" src=\"https:\/\/anciensavoir.com\/wp-content\/uploads\/2024\/05\/rapa-nui.jpg\" alt=\"\" class=\"wp-image-119 size-full\" srcset=\"https:\/\/anciensavoir.com\/wp-content\/uploads\/2024\/05\/rapa-nui.jpg 565w, https:\/\/anciensavoir.com\/wp-content\/uploads\/2024\/05\/rapa-nui-300x204.jpg 300w\" sizes=\"auto, (max-width: 565px) 100vw, 565px\" \/><\/figure><div class=\"wp-block-media-text__content\">\n<p>Rapa Nui (\u00eele de P\u00e2ques)- Chili<\/p>\n<\/div><\/div>\n\n\n\n<p><\/p>\n\n\n\n<div class=\"wp-block-media-text is-stacked-on-mobile\"><figure class=\"wp-block-media-text__media\"><img loading=\"lazy\" decoding=\"async\" width=\"570\" height=\"285\" src=\"https:\/\/anciensavoir.com\/wp-content\/uploads\/2024\/05\/HYPOGEE-HAL-SAFLIENI-2.jpg\" alt=\"\" class=\"wp-image-311 size-full\" srcset=\"https:\/\/anciensavoir.com\/wp-content\/uploads\/2024\/05\/HYPOGEE-HAL-SAFLIENI-2.jpg 570w, https:\/\/anciensavoir.com\/wp-content\/uploads\/2024\/05\/HYPOGEE-HAL-SAFLIENI-2-300x150.jpg 300w\" sizes=\"auto, (max-width: 570px) 100vw, 570px\" \/><\/figure><div class=\"wp-block-media-text__content\">\n<p>Hal Saflieni &#8211; Malte<\/p>\n<\/div><\/div>\n\n\n\n<p><\/p>\n\n\n\n<div class=\"wp-block-media-text is-stacked-on-mobile\"><figure class=\"wp-block-media-text__media\"><img loading=\"lazy\" decoding=\"async\" width=\"616\" height=\"625\" src=\"https:\/\/anciensavoir.com\/wp-content\/uploads\/2024\/05\/barabar-inde.jpg\" alt=\"\" class=\"wp-image-312 size-full\" srcset=\"https:\/\/anciensavoir.com\/wp-content\/uploads\/2024\/05\/barabar-inde.jpg 616w, https:\/\/anciensavoir.com\/wp-content\/uploads\/2024\/05\/barabar-inde-296x300.jpg 296w\" sizes=\"auto, (max-width: 616px) 100vw, 616px\" \/><\/figure><div class=\"wp-block-media-text__content\">\n<p>Barabar &#8211; Inde<\/p>\n<\/div><\/div>\n\n\n\n<p><\/p>\n\n\n\n<div class=\"wp-block-media-text is-stacked-on-mobile\"><figure class=\"wp-block-media-text__media\"><img loading=\"lazy\" decoding=\"async\" width=\"618\" height=\"252\" src=\"https:\/\/anciensavoir.com\/wp-content\/uploads\/2024\/05\/CARNAC.jpg\" alt=\"\" class=\"wp-image-313 size-full\" srcset=\"https:\/\/anciensavoir.com\/wp-content\/uploads\/2024\/05\/CARNAC.jpg 618w, https:\/\/anciensavoir.com\/wp-content\/uploads\/2024\/05\/CARNAC-300x122.jpg 300w\" sizes=\"auto, (max-width: 618px) 100vw, 618px\" \/><\/figure><div class=\"wp-block-media-text__content\">\n<p>Carnac &#8211; France<\/p>\n<\/div><\/div>\n\n\n\n<p><\/p>\n\n\n\n<div class=\"wp-block-media-text is-stacked-on-mobile\"><figure class=\"wp-block-media-text__media\"><img loading=\"lazy\" decoding=\"async\" width=\"1024\" height=\"488\" src=\"https:\/\/anciensavoir.com\/wp-content\/uploads\/2024\/05\/STONEHENGE-1024x488.jpg\" alt=\"\" class=\"wp-image-314 size-full\" srcset=\"https:\/\/anciensavoir.com\/wp-content\/uploads\/2024\/05\/STONEHENGE-1024x488.jpg 1024w, https:\/\/anciensavoir.com\/wp-content\/uploads\/2024\/05\/STONEHENGE-300x143.jpg 300w, https:\/\/anciensavoir.com\/wp-content\/uploads\/2024\/05\/STONEHENGE-768x366.jpg 768w, https:\/\/anciensavoir.com\/wp-content\/uploads\/2024\/05\/STONEHENGE.jpg 1090w\" sizes=\"auto, (max-width: 1024px) 100vw, 1024px\" \/><\/figure><div class=\"wp-block-media-text__content\">\n<p>Stonehenge &#8211; Angleterre<\/p>\n<\/div><\/div>\n\n\n\n<p><\/p>\n\n\n\n<div class=\"wp-block-media-text is-stacked-on-mobile\"><figure class=\"wp-block-media-text__media\"><img loading=\"lazy\" decoding=\"async\" width=\"580\" height=\"358\" src=\"https:\/\/anciensavoir.com\/wp-content\/uploads\/2024\/05\/baalbek.jpg\" alt=\"\" class=\"wp-image-315 size-full\" srcset=\"https:\/\/anciensavoir.com\/wp-content\/uploads\/2024\/05\/baalbek.jpg 580w, https:\/\/anciensavoir.com\/wp-content\/uploads\/2024\/05\/baalbek-300x185.jpg 300w\" sizes=\"auto, (max-width: 580px) 100vw, 580px\" \/><\/figure><div class=\"wp-block-media-text__content\">\n<p>Baalbek &#8211; Liban<\/p>\n<\/div><\/div>\n","protected":false},"excerpt":{"rendered":"<p>Tiwanaku &#8211; Bolivie Mohenjo Daro &#8211; Pakistan Gobekli Tepe &#8211; Turquie Giseh &#8211; Egypte Sacsayhuaman &#8211; P\u00e9rou Gunung Padang &#8211; Java Rapa Nui (\u00eele de P\u00e2ques)- Chili Hal Saflieni &#8211; Malte Barabar &#8211; Inde Carnac &#8211; France Stonehenge &#8211; Angleterre Baalbek &#8211; Liban<\/p>\n","protected":false},"author":1,"featured_media":0,"parent":0,"menu_order":0,"comment_status":"closed","ping_status":"closed","template":"","meta":{"_bbp_topic_count":0,"_bbp_reply_count":0,"_bbp_total_topic_count":0,"_bbp_total_reply_count":0,"_bbp_voice_count":0,"_bbp_anonymous_reply_count":0,"_bbp_topic_count_hidden":0,"_bbp_reply_count_hidden":0,"_bbp_forum_subforum_count":0,"neve_meta_sidebar":"","neve_meta_container":"","neve_meta_enable_content_width":"","neve_meta_content_width":0,"neve_meta_title_alignment":"","neve_meta_author_avatar":"","neve_post_elements_order":"","neve_meta_disable_header":"","neve_meta_disable_footer":"","neve_meta_disable_title":"","footnotes":""},"class_list":["post-111","page","type-page","status-publish","hentry"],"_links":{"self":[{"href":"https:\/\/anciensavoir.com\/index.php\/wp-json\/wp\/v2\/pages\/111","targetHints":{"allow":["GET"]}}],"collection":[{"href":"https:\/\/anciensavoir.com\/index.php\/wp-json\/wp\/v2\/pages"}],"about":[{"href":"https:\/\/anciensavoir.com\/index.php\/wp-json\/wp\/v2\/types\/page"}],"author":[{"embeddable":true,"href":"https:\/\/anciensavoir.com\/index.php\/wp-json\/wp\/v2\/users\/1"}],"replies":[{"embeddable":true,"href":"https:\/\/anciensavoir.com\/index.php\/wp-json\/wp\/v2\/comments?post=111"}],"version-history":[{"count":4,"href":"https:\/\/anciensavoir.com\/index.php\/wp-json\/wp\/v2\/pages\/111\/revisions"}],"predecessor-version":[{"id":316,"href":"https:\/\/anciensavoir.com\/index.php\/wp-json\/wp\/v2\/pages\/111\/revisions\/316"}],"wp:attachment":[{"href":"https:\/\/anciensavoir.com\/index.php\/wp-json\/wp\/v2\/media?parent=111"}],"curies":[{"name":"wp","href":"https:\/\/api.w.org\/{rel}","templated":true}]}}